{"id":34,"date":"2020-12-28T12:48:57","date_gmt":"2020-12-28T15:48:57","guid":{"rendered":"https:\/\/nortepro.com\/xxi\/?page_id=34"},"modified":"2025-07-09T15:34:07","modified_gmt":"2025-07-09T18:34:07","slug":"norte","status":"publish","type":"page","link":"https:\/\/nortepro.com\/xxi\/","title":{"rendered":"Norte Produ\u00e7\u00f5es"},"content":{"rendered":"\t\t<div data-elementor-type=\"wp-page\" data-elementor-id=\"34\" class=\"elementor elementor-34\">\n\t\t\t\t<div class=\"elementor-element elementor-element-fd7597d e-flex e-con-boxed e-con e-parent\" data-id=\"fd7597d\" data-element_type=\"container\" data-e-type=\"container\" data-settings=\"{&quot;background_background&quot;:&quot;classic&quot;}\">\n\t\t\t\t\t<div class=\"e-con-inner\">\n\t\t<div class=\"elementor-element elementor-element-82a2e19 e-con-full e-flex e-con e-child\" data-id=\"82a2e19\" data-element_type=\"container\" data-e-type=\"container\">\n\t\t\t\t<div class=\"elementor-element elementor-element-85c46ff elementor-widget elementor-widget-image\" data-id=\"85c46ff\" data-element_type=\"widget\" data-e-type=\"widget\" data-widget_type=\"image.default\">\n\t\t\t\t\t\t\t\t\t\t\t\t\t\t\t<img decoding=\"async\" width=\"300\" height=\"87\" src=\"https:\/\/nortepro.com\/xxi\/wp-content\/uploads\/2020\/12\/Logo-Norte-copy-2-300x87.png\" class=\"attachment-medium size-medium wp-image-26\" alt=\"\" srcset=\"https:\/\/nortepro.com\/xxi\/wp-content\/uploads\/2020\/12\/Logo-Norte-copy-2-300x87.png 300w, https:\/\/nortepro.com\/xxi\/wp-content\/uploads\/2020\/12\/Logo-Norte-copy-2-768x222.png 768w, https:\/\/nortepro.com\/xxi\/wp-content\/uploads\/2020\/12\/Logo-Norte-copy-2.png 962w\" sizes=\"(max-width: 300px) 100vw, 300px\" \/>\t\t\t\t\t\t\t\t\t\t\t\t\t\t\t<\/div>\n\t\t\t\t<\/div>\n\t\t<div class=\"elementor-element elementor-element-1d4fde3 e-con-full e-flex e-con e-child\" data-id=\"1d4fde3\" data-element_type=\"container\" data-e-type=\"container\">\n\t\t\t\t<div class=\"elementor-element elementor-element-224d5f7 elementor-widget__width-auto elementor-widget elementor-widget-heading\" data-id=\"224d5f7\" data-element_type=\"widget\" data-e-type=\"widget\" data-widget_type=\"heading.default\">\n\t\t\t\t\t<div class=\"elementor-heading-title elementor-size-default\"><a href=\"mailto:norte@nortepro.com\" target=\"_blank\">norte@nortepro.com<\/a><\/div>\t\t\t\t<\/div>\n\t\t\t\t<\/div>\n\t\t\t\t\t<\/div>\n\t\t\t\t<\/div>\n\t\t\t\t<section class=\"elementor-section elementor-top-section elementor-element elementor-element-d181055 elementor-section-boxed elementor-section-height-default elementor-section-height-default\" data-id=\"d181055\" data-element_type=\"section\" data-e-type=\"section\">\n\t\t\t\t\t\t<div class=\"elementor-container elementor-column-gap-default\">\n\t\t\t\t\t<div class=\"elementor-column elementor-col-100 elementor-top-column elementor-element elementor-element-0b47c40\" data-id=\"0b47c40\" data-element_type=\"column\" data-e-type=\"column\">\n\t\t\t<div class=\"elementor-widget-wrap elementor-element-populated\">\n\t\t\t\t\t\t<div class=\"elementor-element elementor-element-0ed889a elementor-widget elementor-widget-heading\" data-id=\"0ed889a\" data-element_type=\"widget\" data-e-type=\"widget\" data-widget_type=\"heading.default\">\n\t\t\t\t\t<h1 class=\"elementor-heading-title elementor-size-default\">Quem somos?<\/h1>\t\t\t\t<\/div>\n\t\t\t\t<div class=\"elementor-element elementor-element-320ed26 elementor-widget elementor-widget-heading\" data-id=\"320ed26\" data-element_type=\"widget\" data-e-type=\"widget\" data-widget_type=\"heading.default\">\n\t\t\t\t\t<p class=\"elementor-heading-title elementor-size-default\">A Norte Produ\u00e7\u00f5es \u00e9 uma produtora de conte\u00fado digital e prestadora de servi\u00e7os audiovisuais.<\/p>\t\t\t\t<\/div>\n\t\t\t\t\t<\/div>\n\t\t<\/div>\n\t\t\t\t\t<\/div>\n\t\t<\/section>\n\t\t\t\t<section class=\"elementor-section elementor-top-section elementor-element elementor-element-856b358 elementor-section-boxed elementor-section-height-default elementor-section-height-default\" data-id=\"856b358\" data-element_type=\"section\" data-e-type=\"section\">\n\t\t\t\t\t\t<div class=\"elementor-container elementor-column-gap-default\">\n\t\t\t\t\t<div class=\"elementor-column elementor-col-100 elementor-top-column elementor-element elementor-element-5a52ab5\" data-id=\"5a52ab5\" data-element_type=\"column\" data-e-type=\"column\">\n\t\t\t<div class=\"elementor-widget-wrap elementor-element-populated\">\n\t\t\t\t\t\t<div class=\"elementor-element elementor-element-c246903 elementor-widget elementor-widget-heading\" data-id=\"c246903\" data-element_type=\"widget\" data-e-type=\"widget\" data-widget_type=\"heading.default\">\n\t\t\t\t\t<h1 class=\"elementor-heading-title elementor-size-default\">O que fazemos?<\/h1>\t\t\t\t<\/div>\n\t\t\t\t<div class=\"elementor-element elementor-element-ac49dc6 elementor-widget elementor-widget-heading\" data-id=\"ac49dc6\" data-element_type=\"widget\" data-e-type=\"widget\" data-widget_type=\"heading.default\">\n\t\t\t\t\t<p class=\"elementor-heading-title elementor-size-default\">Desenvolvemos solu\u00e7\u00f5es utilizando novas tecnologias para que nossos clientes possam se comunicar de forma eficiente e din\u00e2mica:<\/p>\t\t\t\t<\/div>\n\t\t\t\t<section class=\"elementor-section elementor-inner-section elementor-element elementor-element-099c8c8 elementor-section-boxed elementor-section-height-default elementor-section-height-default\" data-id=\"099c8c8\" data-element_type=\"section\" data-e-type=\"section\">\n\t\t\t\t\t\t<div class=\"elementor-container elementor-column-gap-default\">\n\t\t\t\t\t<div class=\"elementor-column elementor-col-100 elementor-inner-column elementor-element elementor-element-8a06131\" data-id=\"8a06131\" data-element_type=\"column\" data-e-type=\"column\">\n\t\t\t<div class=\"elementor-widget-wrap elementor-element-populated\">\n\t\t\t\t\t\t<div class=\"elementor-element elementor-element-e6b3551 elementor-widget elementor-widget-text-editor\" data-id=\"e6b3551\" data-element_type=\"widget\" data-e-type=\"widget\" data-widget_type=\"text-editor.default\">\n\t\t\t\t\t\t\t\t\t<ul><li>Filmes educacionais, institucionais e publicit\u00e1rios<\/li><li>Anima\u00e7\u00f5es t\u00e9cnicas, maquetes eletr\u00f4nicas em 3D<\/li><li>Apresenta\u00e7\u00f5es multim\u00eddia interativas<\/li><li>Desenvolvimento de conte\u00fado, plataformas\u00a0e campanhas digitais.<\/li><\/ul>\t\t\t\t\t\t\t\t<\/div>\n\t\t\t\t\t<\/div>\n\t\t<\/div>\n\t\t\t\t\t<\/div>\n\t\t<\/section>\n\t\t\t\t\t<\/div>\n\t\t<\/div>\n\t\t\t\t\t<\/div>\n\t\t<\/section>\n\t\t\t\t<section class=\"elementor-section elementor-top-section elementor-element elementor-element-6101f84 elementor-section-boxed elementor-section-height-default elementor-section-height-default\" data-id=\"6101f84\" data-element_type=\"section\" data-e-type=\"section\">\n\t\t\t\t\t\t<div class=\"elementor-container elementor-column-gap-default\">\n\t\t\t\t\t<div class=\"elementor-column elementor-col-100 elementor-top-column elementor-element elementor-element-d53c4ea\" data-id=\"d53c4ea\" data-element_type=\"column\" data-e-type=\"column\">\n\t\t\t<div class=\"elementor-widget-wrap elementor-element-populated\">\n\t\t\t\t\t\t<div class=\"elementor-element elementor-element-2794692 elementor-widget elementor-widget-heading\" data-id=\"2794692\" data-element_type=\"widget\" data-e-type=\"widget\" data-widget_type=\"heading.default\">\n\t\t\t\t\t<h1 class=\"elementor-heading-title elementor-size-default\">Quer conhecer nosso trabalho?<\/h1>\t\t\t\t<\/div>\n\t\t\t\t<div class=\"elementor-element elementor-element-fb5e6c1 elementor-widget elementor-widget-heading\" data-id=\"fb5e6c1\" data-element_type=\"widget\" data-e-type=\"widget\" data-widget_type=\"heading.default\">\n\t\t\t\t\t<p class=\"elementor-heading-title elementor-size-default\"><a href=\"mailto:norte@nortepro.com\">Solicite uma demonstra\u00e7\u00e3o: norte@nortepro.com<\/a><\/p>\t\t\t\t<\/div>\n\t\t\t\t\t<\/div>\n\t\t<\/div>\n\t\t\t\t\t<\/div>\n\t\t<\/section>\n\t\t\t\t<section class=\"elementor-section elementor-top-section elementor-element elementor-element-aadf9b1 elementor-section-boxed elementor-section-height-default elementor-section-height-default\" data-id=\"aadf9b1\" data-element_type=\"section\" data-e-type=\"section\" data-settings=\"{&quot;background_background&quot;:&quot;classic&quot;}\">\n\t\t\t\t\t\t<div class=\"elementor-container elementor-column-gap-default\">\n\t\t\t\t\t<div class=\"elementor-column elementor-col-100 elementor-top-column elementor-element elementor-element-cb27586\" data-id=\"cb27586\" data-element_type=\"column\" data-e-type=\"column\">\n\t\t\t<div class=\"elementor-widget-wrap elementor-element-populated\">\n\t\t\t\t\t\t<div class=\"elementor-element elementor-element-7b3b3e5 elementor-widget__width-auto elementor-widget-mobile__width-inherit elementor-widget elementor-widget-heading\" data-id=\"7b3b3e5\" data-element_type=\"widget\" data-e-type=\"widget\" data-widget_type=\"heading.default\">\n\t\t\t\t\t<div class=\"elementor-heading-title elementor-size-default\"><a href=\"mailto:norte@nortepro.com\" target=\"_blank\">norte@nortepro.com<\/a><\/div>\t\t\t\t<\/div>\n\t\t\t\t<div class=\"elementor-element elementor-element-6940fa1 elementor-widget elementor-widget-text-editor\" data-id=\"6940fa1\" data-element_type=\"widget\" data-e-type=\"widget\" data-widget_type=\"text-editor.default\">\n\t\t\t\t\t\t\t\t\t<p><strong>Norte Produ\u00e7\u00f5es em Comunica\u00e7\u00e3o Ltda.<\/strong><br \/>\ud83d\udccd <a href=\"https:\/\/g.page\/norteproducoes?share\" target=\"_blank\" rel=\"noopener\">Rua Cinquenta e Um, 19A &#8211; Quitandinha &#8211; Tim\u00f3teo &#8211; MG &#8211; CEP: 35.180-088<\/a><\/p>\t\t\t\t\t\t\t\t<\/div>\n\t\t\t\t\t<\/div>\n\t\t<\/div>\n\t\t\t\t\t<\/div>\n\t\t<\/section>\n\t\t\t\t<\/div>\n\t\t","protected":false},"excerpt":{"rendered":"<p>norte@nortepro.com Quem somos? A Norte Produ\u00e7\u00f5es \u00e9 uma produtora de conte\u00fado digital e prestadora de servi\u00e7os audiovisuais. O que fazemos? Desenvolvemos solu\u00e7\u00f5es utilizando novas tecnologias para que nossos clientes possam se comunicar de forma eficiente e din\u00e2mica: Filmes educacionais, institucionais e publicit\u00e1rios Anima\u00e7\u00f5es t\u00e9cnicas, maquetes eletr\u00f4nicas em 3D Apresenta\u00e7\u00f5es multim\u00eddia interativas Desenvolvimento de conte\u00fado, plataformas\u00a0e [&hellip;]<\/p>\n","protected":false},"author":1,"featured_media":0,"parent":0,"menu_order":0,"comment_status":"closed","ping_status":"closed","template":"elementor_canvas","meta":{"footnotes":""},"class_list":["post-34","page","type-page","status-publish","hentry"],"_links":{"self":[{"href":"https:\/\/nortepro.com\/xxi\/wp-json\/wp\/v2\/pages\/34","targetHints":{"allow":["GET"]}}],"collection":[{"href":"https:\/\/nortepro.com\/xxi\/wp-json\/wp\/v2\/pages"}],"about":[{"href":"https:\/\/nortepro.com\/xxi\/wp-json\/wp\/v2\/types\/page"}],"author":[{"embeddable":true,"href":"https:\/\/nortepro.com\/xxi\/wp-json\/wp\/v2\/users\/1"}],"replies":[{"embeddable":true,"href":"https:\/\/nortepro.com\/xxi\/wp-json\/wp\/v2\/comments?post=34"}],"version-history":[{"count":56,"href":"https:\/\/nortepro.com\/xxi\/wp-json\/wp\/v2\/pages\/34\/revisions"}],"predecessor-version":[{"id":116,"href":"https:\/\/nortepro.com\/xxi\/wp-json\/wp\/v2\/pages\/34\/revisions\/116"}],"wp:attachment":[{"href":"https:\/\/nortepro.com\/xxi\/wp-json\/wp\/v2\/media?parent=34"}],"curies":[{"name":"wp","href":"https:\/\/api.w.org\/{rel}","templated":true}]}}